{"id":1506,"date":"2019-11-29T19:11:25","date_gmt":"2019-11-29T19:11:25","guid":{"rendered":"https:\/\/amz.luba.de\/index.php\/product\/westmark-nussmuhle-mit-messbehalter-fassungsvermogen-ca-035-l-1-25-cup-kunststoff-edelstahl-97702260\/"},"modified":"2026-02-17T10:33:26","modified_gmt":"2026-02-17T09:33:26","slug":"westmark-nussmuhle-mit-messbehalter-fassungsvermogen-ca-035-l-1-25-cup-kunststoff-edelstahl-97702260","status":"publish","type":"product","link":"https:\/\/amz.luba.de\/index.php\/product\/westmark-nussmuhle-mit-messbehalter-fassungsvermogen-ca-035-l-1-25-cup-kunststoff-edelstahl-97702260\/","title":{"rendered":"Westmark Nussm\u00fchle mit Messbeh\u00e4lter, Fassungsverm\u00f6gen ca. 0,35 L\/1, 25 Cup, Kunststoff\/Edelstahl, 97702260"},"content":{"rendered":"","protected":false},"excerpt":{"rendered":"","protected":false},"featured_media":1507,"comment_status":"closed","ping_status":"closed","template":"","meta":[],"product_brand":[],"product_cat":[15],"product_tag":[],"class_list":{"0":"post-1506","1":"product","2":"type-product","3":"status-publish","4":"has-post-thumbnail","6":"product_cat-uncategorized","8":"first","9":"onbackorder","10":"taxable","11":"shipping-taxable","12":"purchasable","13":"product-type-simple"},"_links":{"self":[{"href":"https:\/\/amz.luba.de\/index.php\/wp-json\/wp\/v2\/product\/1506","targetHints":{"allow":["GET"]}}],"collection":[{"href":"https:\/\/amz.luba.de\/index.php\/wp-json\/wp\/v2\/product"}],"about":[{"href":"https:\/\/amz.luba.de\/index.php\/wp-json\/wp\/v2\/types\/product"}],"replies":[{"embeddable":true,"href":"https:\/\/amz.luba.de\/index.php\/wp-json\/wp\/v2\/comments?post=1506"}],"wp:featuredmedia":[{"embeddable":true,"href":"https:\/\/amz.luba.de\/index.php\/wp-json\/wp\/v2\/media\/1507"}],"wp:attachment":[{"href":"https:\/\/amz.luba.de\/index.php\/wp-json\/wp\/v2\/media?parent=1506"}],"wp:term":[{"taxonomy":"product_brand","embeddable":true,"href":"https:\/\/amz.luba.de\/index.php\/wp-json\/wp\/v2\/product_brand?post=1506"},{"taxonomy":"product_cat","embeddable":true,"href":"https:\/\/amz.luba.de\/index.php\/wp-json\/wp\/v2\/product_cat?post=1506"},{"taxonomy":"product_tag","embeddable":true,"href":"https:\/\/amz.luba.de\/index.php\/wp-json\/wp\/v2\/product_tag?post=1506"}],"curies":[{"name":"wp","href":"https:\/\/api.w.org\/{rel}","templated":true}]}}