{"id":1608,"date":"2019-11-29T19:11:25","date_gmt":"2019-11-29T19:11:25","guid":{"rendered":"https:\/\/amz.luba.de\/index.php\/product\/caso-vc300-vakuumierer-vakuumiergerat-lebensmittel-8x-langer-frisch-doppelte-schweisnaht-regulierbare-vakuumstarke-inkl-folienbox-cutter-2-profi-folienrollen-schlauch-fur-vakuumbehalter\/"},"modified":"2026-02-17T10:31:09","modified_gmt":"2026-02-17T09:31:09","slug":"caso-vc300-vakuumierer-vakuumiergerat-lebensmittel-8x-langer-frisch-doppelte-schweisnaht-regulierbare-vakuumstarke-inkl-folienbox-cutter-2-profi-folienrollen-schlauch-fur-vakuumbehalter","status":"publish","type":"product","link":"https:\/\/amz.luba.de\/index.php\/product\/caso-vc300-vakuumierer-vakuumiergerat-lebensmittel-8x-langer-frisch-doppelte-schweisnaht-regulierbare-vakuumstarke-inkl-folienbox-cutter-2-profi-folienrollen-schlauch-fur-vakuumbehalter\/","title":{"rendered":"CASO VC300 Vakuumierer &#8211; Vakuumierger\u00e4t, Lebensmittel 8x l\u00e4nger frisch, doppelte Schwei\u00dfnaht, regulierbare Vakuumst\u00e4rke, inkl. Folienbox, Cutter, 2 Profi-Folienrollen, Schlauch f\u00fcr Vakuumbeh\u00e4lter"},"content":{"rendered":"","protected":false},"excerpt":{"rendered":"","protected":false},"featured_media":1609,"comment_status":"closed","ping_status":"closed","template":"","meta":[],"product_brand":[],"product_cat":[15],"product_tag":[],"class_list":{"0":"post-1608","1":"product","2":"type-product","3":"status-publish","4":"has-post-thumbnail","6":"product_cat-uncategorized","8":"first","9":"onbackorder","10":"taxable","11":"shipping-taxable","12":"purchasable","13":"product-type-simple"},"_links":{"self":[{"href":"https:\/\/amz.luba.de\/index.php\/wp-json\/wp\/v2\/product\/1608","targetHints":{"allow":["GET"]}}],"collection":[{"href":"https:\/\/amz.luba.de\/index.php\/wp-json\/wp\/v2\/product"}],"about":[{"href":"https:\/\/amz.luba.de\/index.php\/wp-json\/wp\/v2\/types\/product"}],"replies":[{"embeddable":true,"href":"https:\/\/amz.luba.de\/index.php\/wp-json\/wp\/v2\/comments?post=1608"}],"wp:featuredmedia":[{"embeddable":true,"href":"https:\/\/amz.luba.de\/index.php\/wp-json\/wp\/v2\/media\/1609"}],"wp:attachment":[{"href":"https:\/\/amz.luba.de\/index.php\/wp-json\/wp\/v2\/media?parent=1608"}],"wp:term":[{"taxonomy":"product_brand","embeddable":true,"href":"https:\/\/amz.luba.de\/index.php\/wp-json\/wp\/v2\/product_brand?post=1608"},{"taxonomy":"product_cat","embeddable":true,"href":"https:\/\/amz.luba.de\/index.php\/wp-json\/wp\/v2\/product_cat?post=1608"},{"taxonomy":"product_tag","embeddable":true,"href":"https:\/\/amz.luba.de\/index.php\/wp-json\/wp\/v2\/product_tag?post=1608"}],"curies":[{"name":"wp","href":"https:\/\/api.w.org\/{rel}","templated":true}]}}