{"id":1849,"date":"2019-12-10T19:41:39","date_gmt":"2019-12-10T19:41:39","guid":{"rendered":"https:\/\/amz.luba.de\/index.php\/product\/kitchenaid-kica-speiseeismaschine-zubehor-kuchenmaschine-iron-1-9-kilograms-weis-silber-schwarz\/"},"modified":"2026-02-17T10:29:30","modified_gmt":"2026-02-17T09:29:30","slug":"kitchenaid-kica-speiseeismaschine-zubehor-kuchenmaschine-iron-1-9-kilograms-weis-silber-schwarz","status":"publish","type":"product","link":"https:\/\/amz.luba.de\/index.php\/product\/kitchenaid-kica-speiseeismaschine-zubehor-kuchenmaschine-iron-1-9-kilograms-weis-silber-schwarz\/","title":{"rendered":"KitchenAid KICA Speiseeismaschine-Zubeh\u00f6r K\u00fcchenmaschine, iron, 1.9 kilograms, wei\u00df\/silber\/schwarz"},"content":{"rendered":"","protected":false},"excerpt":{"rendered":"","protected":false},"featured_media":1850,"comment_status":"closed","ping_status":"closed","template":"","meta":[],"product_brand":[],"product_cat":[15],"product_tag":[],"class_list":{"0":"post-1849","1":"product","2":"type-product","3":"status-publish","4":"has-post-thumbnail","6":"product_cat-uncategorized","8":"first","9":"onbackorder","10":"taxable","11":"shipping-taxable","12":"purchasable","13":"product-type-simple"},"_links":{"self":[{"href":"https:\/\/amz.luba.de\/index.php\/wp-json\/wp\/v2\/product\/1849","targetHints":{"allow":["GET"]}}],"collection":[{"href":"https:\/\/amz.luba.de\/index.php\/wp-json\/wp\/v2\/product"}],"about":[{"href":"https:\/\/amz.luba.de\/index.php\/wp-json\/wp\/v2\/types\/product"}],"replies":[{"embeddable":true,"href":"https:\/\/amz.luba.de\/index.php\/wp-json\/wp\/v2\/comments?post=1849"}],"wp:featuredmedia":[{"embeddable":true,"href":"https:\/\/amz.luba.de\/index.php\/wp-json\/wp\/v2\/media\/1850"}],"wp:attachment":[{"href":"https:\/\/amz.luba.de\/index.php\/wp-json\/wp\/v2\/media?parent=1849"}],"wp:term":[{"taxonomy":"product_brand","embeddable":true,"href":"https:\/\/amz.luba.de\/index.php\/wp-json\/wp\/v2\/product_brand?post=1849"},{"taxonomy":"product_cat","embeddable":true,"href":"https:\/\/amz.luba.de\/index.php\/wp-json\/wp\/v2\/product_cat?post=1849"},{"taxonomy":"product_tag","embeddable":true,"href":"https:\/\/amz.luba.de\/index.php\/wp-json\/wp\/v2\/product_tag?post=1849"}],"curies":[{"name":"wp","href":"https:\/\/api.w.org\/{rel}","templated":true}]}}