{"id":1985,"date":"2019-11-29T19:11:25","date_gmt":"2019-11-29T19:11:25","guid":{"rendered":"https:\/\/amz.luba.de\/index.php\/product\/jupiter-462373-wurstfuller-satz-grose-8e-kenwood-ausfuhrung\/"},"modified":"2026-02-17T10:33:00","modified_gmt":"2026-02-17T09:33:00","slug":"jupiter-462373-wurstfuller-satz-grose-8e-kenwood-ausfuhrung","status":"publish","type":"product","link":"https:\/\/amz.luba.de\/index.php\/product\/jupiter-462373-wurstfuller-satz-grose-8e-kenwood-ausfuhrung\/","title":{"rendered":"Jupiter 462373 Wurstf\u00fcller-Satz Gr\u00f6\u00dfe 8E Kenwood-Ausf\u00fchrung,"},"content":{"rendered":"","protected":false},"excerpt":{"rendered":"","protected":false},"featured_media":1986,"comment_status":"closed","ping_status":"closed","template":"","meta":[],"product_brand":[],"product_cat":[15],"product_tag":[],"class_list":{"0":"post-1985","1":"product","2":"type-product","3":"status-publish","4":"has-post-thumbnail","6":"product_cat-uncategorized","8":"first","9":"instock","10":"taxable","11":"shipping-taxable","12":"purchasable","13":"product-type-simple"},"_links":{"self":[{"href":"https:\/\/amz.luba.de\/index.php\/wp-json\/wp\/v2\/product\/1985","targetHints":{"allow":["GET"]}}],"collection":[{"href":"https:\/\/amz.luba.de\/index.php\/wp-json\/wp\/v2\/product"}],"about":[{"href":"https:\/\/amz.luba.de\/index.php\/wp-json\/wp\/v2\/types\/product"}],"replies":[{"embeddable":true,"href":"https:\/\/amz.luba.de\/index.php\/wp-json\/wp\/v2\/comments?post=1985"}],"wp:featuredmedia":[{"embeddable":true,"href":"https:\/\/amz.luba.de\/index.php\/wp-json\/wp\/v2\/media\/1986"}],"wp:attachment":[{"href":"https:\/\/amz.luba.de\/index.php\/wp-json\/wp\/v2\/media?parent=1985"}],"wp:term":[{"taxonomy":"product_brand","embeddable":true,"href":"https:\/\/amz.luba.de\/index.php\/wp-json\/wp\/v2\/product_brand?post=1985"},{"taxonomy":"product_cat","embeddable":true,"href":"https:\/\/amz.luba.de\/index.php\/wp-json\/wp\/v2\/product_cat?post=1985"},{"taxonomy":"product_tag","embeddable":true,"href":"https:\/\/amz.luba.de\/index.php\/wp-json\/wp\/v2\/product_tag?post=1985"}],"curies":[{"name":"wp","href":"https:\/\/api.w.org\/{rel}","templated":true}]}}