{"id":2053,"date":"2019-11-29T19:11:25","date_gmt":"2019-11-29T19:11:25","guid":{"rendered":"https:\/\/amz.luba.de\/index.php\/product\/peddigrohrkorbchen-garkorbchen-lang-38-x14x-7cm-fur-1-5-kg-ein-musthave\/"},"modified":"2026-04-28T12:53:53","modified_gmt":"2026-04-28T10:53:53","slug":"peddigrohrkorbchen-garkorbchen-lang-38-x14x-7cm-fur-1-5-kg-ein-musthave","status":"publish","type":"product","link":"https:\/\/amz.luba.de\/index.php\/product\/peddigrohrkorbchen-garkorbchen-lang-38-x14x-7cm-fur-1-5-kg-ein-musthave\/","title":{"rendered":"Peddigrohrk\u00f6rbchen, G\u00e4rk\u00f6rbchen lang 38 x14x 7cm, f\u00fcr 1.5 kg &#8211; ein MustHave"},"content":{"rendered":"","protected":false},"excerpt":{"rendered":"","protected":false},"featured_media":2054,"comment_status":"closed","ping_status":"closed","template":"","meta":[],"product_brand":[],"product_cat":[15],"product_tag":[],"class_list":{"0":"post-2053","1":"product","2":"type-product","3":"status-publish","4":"has-post-thumbnail","6":"product_cat-uncategorized","8":"first","9":"instock","10":"taxable","11":"shipping-taxable","12":"purchasable","13":"product-type-simple"},"_links":{"self":[{"href":"https:\/\/amz.luba.de\/index.php\/wp-json\/wp\/v2\/product\/2053","targetHints":{"allow":["GET"]}}],"collection":[{"href":"https:\/\/amz.luba.de\/index.php\/wp-json\/wp\/v2\/product"}],"about":[{"href":"https:\/\/amz.luba.de\/index.php\/wp-json\/wp\/v2\/types\/product"}],"replies":[{"embeddable":true,"href":"https:\/\/amz.luba.de\/index.php\/wp-json\/wp\/v2\/comments?post=2053"}],"wp:featuredmedia":[{"embeddable":true,"href":"https:\/\/amz.luba.de\/index.php\/wp-json\/wp\/v2\/media\/2054"}],"wp:attachment":[{"href":"https:\/\/amz.luba.de\/index.php\/wp-json\/wp\/v2\/media?parent=2053"}],"wp:term":[{"taxonomy":"product_brand","embeddable":true,"href":"https:\/\/amz.luba.de\/index.php\/wp-json\/wp\/v2\/product_brand?post=2053"},{"taxonomy":"product_cat","embeddable":true,"href":"https:\/\/amz.luba.de\/index.php\/wp-json\/wp\/v2\/product_cat?post=2053"},{"taxonomy":"product_tag","embeddable":true,"href":"https:\/\/amz.luba.de\/index.php\/wp-json\/wp\/v2\/product_tag?post=2053"}],"curies":[{"name":"wp","href":"https:\/\/api.w.org\/{rel}","templated":true}]}}