{"id":2063,"date":"2019-12-10T19:41:39","date_gmt":"2019-12-10T19:41:39","guid":{"rendered":"https:\/\/amz.luba.de\/index.php\/product\/peddigrohrkorbchen-garkorbchen-lang-42-x-15-x-7-cm-fur-2-kg-ein-musthave\/"},"modified":"2026-05-11T08:38:52","modified_gmt":"2026-05-11T06:38:52","slug":"peddigrohrkorbchen-garkorbchen-lang-42-x-15-x-7-cm-fur-2-kg-ein-musthave","status":"publish","type":"product","link":"https:\/\/amz.luba.de\/index.php\/product\/peddigrohrkorbchen-garkorbchen-lang-42-x-15-x-7-cm-fur-2-kg-ein-musthave\/","title":{"rendered":"Peddigrohrk\u00f6rbchen, G\u00e4rk\u00f6rbchen lang 42 x 15 x 7 cm, f\u00fcr 2 kg &#8211; ein MustHave"},"content":{"rendered":"","protected":false},"excerpt":{"rendered":"","protected":false},"featured_media":2064,"comment_status":"closed","ping_status":"closed","template":"","meta":[],"product_brand":[],"product_cat":[15],"product_tag":[],"class_list":{"0":"post-2063","1":"product","2":"type-product","3":"status-publish","4":"has-post-thumbnail","6":"product_cat-uncategorized","8":"first","9":"instock","10":"taxable","11":"shipping-taxable","12":"purchasable","13":"product-type-simple"},"_links":{"self":[{"href":"https:\/\/amz.luba.de\/index.php\/wp-json\/wp\/v2\/product\/2063","targetHints":{"allow":["GET"]}}],"collection":[{"href":"https:\/\/amz.luba.de\/index.php\/wp-json\/wp\/v2\/product"}],"about":[{"href":"https:\/\/amz.luba.de\/index.php\/wp-json\/wp\/v2\/types\/product"}],"replies":[{"embeddable":true,"href":"https:\/\/amz.luba.de\/index.php\/wp-json\/wp\/v2\/comments?post=2063"}],"wp:featuredmedia":[{"embeddable":true,"href":"https:\/\/amz.luba.de\/index.php\/wp-json\/wp\/v2\/media\/2064"}],"wp:attachment":[{"href":"https:\/\/amz.luba.de\/index.php\/wp-json\/wp\/v2\/media?parent=2063"}],"wp:term":[{"taxonomy":"product_brand","embeddable":true,"href":"https:\/\/amz.luba.de\/index.php\/wp-json\/wp\/v2\/product_brand?post=2063"},{"taxonomy":"product_cat","embeddable":true,"href":"https:\/\/amz.luba.de\/index.php\/wp-json\/wp\/v2\/product_cat?post=2063"},{"taxonomy":"product_tag","embeddable":true,"href":"https:\/\/amz.luba.de\/index.php\/wp-json\/wp\/v2\/product_tag?post=2063"}],"curies":[{"name":"wp","href":"https:\/\/api.w.org\/{rel}","templated":true}]}}