{"id":2474,"date":"2019-12-10T19:35:24","date_gmt":"2019-12-10T19:35:24","guid":{"rendered":"https:\/\/amz.luba.de\/index.php\/product\/zucker-zucker-krank-durch-fabrikzucker-von-sussen-gewohnheiten-dunklen-machenschaften-und-bosen-folgen-fur-unsere-gesundheit-aus-der-sprechstunde\/"},"modified":"2026-02-17T10:30:16","modified_gmt":"2026-02-17T09:30:16","slug":"zucker-zucker-krank-durch-fabrikzucker-von-sussen-gewohnheiten-dunklen-machenschaften-und-bosen-folgen-fur-unsere-gesundheit-aus-der-sprechstunde","status":"publish","type":"product","link":"https:\/\/amz.luba.de\/index.php\/product\/zucker-zucker-krank-durch-fabrikzucker-von-sussen-gewohnheiten-dunklen-machenschaften-und-bosen-folgen-fur-unsere-gesundheit-aus-der-sprechstunde\/","title":{"rendered":"Zucker, Zucker: &#8230; krank durch Fabrikzucker. Von s\u00fcssen Gewohnheiten, dunklen Machenschaften und b\u00f6sen Folgen f\u00fcr unsere Gesundheit (Aus der Sprechstunde)"},"content":{"rendered":"","protected":false},"excerpt":{"rendered":"","protected":false},"featured_media":2475,"comment_status":"closed","ping_status":"closed","template":"","meta":[],"product_brand":[],"product_cat":[15],"product_tag":[],"class_list":{"0":"post-2474","1":"product","2":"type-product","3":"status-publish","4":"has-post-thumbnail","6":"product_cat-uncategorized","7":"pa_author-bruker-max-o","8":"pa_binding-gebundene-ausgabe","9":"pa_edition-130","10":"pa_number-of-pages-132","11":"pa_publication-date-2017-08-01","12":"pa_publisher-emu-verlags-und-vertriebsgesellschaft-ernahrung-medizin-umwelt","14":"first","15":"onbackorder","16":"taxable","17":"shipping-taxable","18":"purchasable","19":"product-type-simple"},"_links":{"self":[{"href":"https:\/\/amz.luba.de\/index.php\/wp-json\/wp\/v2\/product\/2474","targetHints":{"allow":["GET"]}}],"collection":[{"href":"https:\/\/amz.luba.de\/index.php\/wp-json\/wp\/v2\/product"}],"about":[{"href":"https:\/\/amz.luba.de\/index.php\/wp-json\/wp\/v2\/types\/product"}],"replies":[{"embeddable":true,"href":"https:\/\/amz.luba.de\/index.php\/wp-json\/wp\/v2\/comments?post=2474"}],"wp:featuredmedia":[{"embeddable":true,"href":"https:\/\/amz.luba.de\/index.php\/wp-json\/wp\/v2\/media\/2475"}],"wp:attachment":[{"href":"https:\/\/amz.luba.de\/index.php\/wp-json\/wp\/v2\/media?parent=2474"}],"wp:term":[{"taxonomy":"product_brand","embeddable":true,"href":"https:\/\/amz.luba.de\/index.php\/wp-json\/wp\/v2\/product_brand?post=2474"},{"taxonomy":"product_cat","embeddable":true,"href":"https:\/\/amz.luba.de\/index.php\/wp-json\/wp\/v2\/product_cat?post=2474"},{"taxonomy":"product_tag","embeddable":true,"href":"https:\/\/amz.luba.de\/index.php\/wp-json\/wp\/v2\/product_tag?post=2474"}],"curies":[{"name":"wp","href":"https:\/\/api.w.org\/{rel}","templated":true}]}}