{"id":305988,"date":"2020-03-28T13:58:33","date_gmt":"2020-03-28T13:58:33","guid":{"rendered":"https:\/\/amz.luba.de\/index.php\/product\/peddigrohrkorbchen-garkorbchen-rund-28-cm-o-fur-2-kg-ein-musthave-2\/"},"modified":"2026-02-17T10:28:50","modified_gmt":"2026-02-17T09:28:50","slug":"peddigrohrkorbchen-garkorbchen-rund-28-cm-o-fur-2-kg-ein-musthave-2","status":"publish","type":"product","link":"https:\/\/amz.luba.de\/index.php\/product\/peddigrohrkorbchen-garkorbchen-rund-28-cm-o-fur-2-kg-ein-musthave-2\/","title":{"rendered":"Peddigrohrk\u00f6rbchen G\u00e4rk\u00f6rbchen, rund 28 cm \u00f8, f\u00fcr 2 kg &#8211; ein MustHave"},"content":{"rendered":"","protected":false},"excerpt":{"rendered":"","protected":false},"featured_media":2066,"comment_status":"closed","ping_status":"closed","template":"","meta":[],"product_brand":[],"product_cat":[15],"product_tag":[],"class_list":{"0":"post-305988","1":"product","2":"type-product","3":"status-publish","4":"has-post-thumbnail","6":"product_cat-uncategorized","8":"first","9":"onbackorder","10":"taxable","11":"shipping-taxable","12":"purchasable","13":"product-type-simple"},"_links":{"self":[{"href":"https:\/\/amz.luba.de\/index.php\/wp-json\/wp\/v2\/product\/305988","targetHints":{"allow":["GET"]}}],"collection":[{"href":"https:\/\/amz.luba.de\/index.php\/wp-json\/wp\/v2\/product"}],"about":[{"href":"https:\/\/amz.luba.de\/index.php\/wp-json\/wp\/v2\/types\/product"}],"replies":[{"embeddable":true,"href":"https:\/\/amz.luba.de\/index.php\/wp-json\/wp\/v2\/comments?post=305988"}],"wp:featuredmedia":[{"embeddable":true,"href":"https:\/\/amz.luba.de\/index.php\/wp-json\/wp\/v2\/media\/2066"}],"wp:attachment":[{"href":"https:\/\/amz.luba.de\/index.php\/wp-json\/wp\/v2\/media?parent=305988"}],"wp:term":[{"taxonomy":"product_brand","embeddable":true,"href":"https:\/\/amz.luba.de\/index.php\/wp-json\/wp\/v2\/product_brand?post=305988"},{"taxonomy":"product_cat","embeddable":true,"href":"https:\/\/amz.luba.de\/index.php\/wp-json\/wp\/v2\/product_cat?post=305988"},{"taxonomy":"product_tag","embeddable":true,"href":"https:\/\/amz.luba.de\/index.php\/wp-json\/wp\/v2\/product_tag?post=305988"}],"curies":[{"name":"wp","href":"https:\/\/api.w.org\/{rel}","templated":true}]}}