{"id":306014,"date":"2020-03-28T13:28:13","date_gmt":"2020-03-28T12:28:13","guid":{"rendered":"https:\/\/amz.luba.de\/index.php\/product\/solis-vakuumiergerat-fur-trockene-feuchte-und-empfindliche-lebensmittel-einstellbare-verschweiszeit-pulse-vacuum-und-marinierfunktion-easyvac-professional-typ-572\/"},"modified":"2026-02-17T10:29:05","modified_gmt":"2026-02-17T09:29:05","slug":"solis-vakuumiergerat-fur-trockene-feuchte-und-empfindliche-lebensmittel-einstellbare-verschweiszeit-pulse-vacuum-und-marinierfunktion-easyvac-professional-typ-572","status":"publish","type":"product","link":"https:\/\/amz.luba.de\/index.php\/product\/solis-vakuumiergerat-fur-trockene-feuchte-und-empfindliche-lebensmittel-einstellbare-verschweiszeit-pulse-vacuum-und-marinierfunktion-easyvac-professional-typ-572\/","title":{"rendered":"Solis Vakuumierger\u00e4t, F\u00fcr trockene, feuchte und empfindliche Lebensmittel, Einstellbare Verschwei\u00dfzeit, Pulse Vacuum- und Marinierfunktion, EasyVac Professional (Typ 572)"},"content":{"rendered":"","protected":false},"excerpt":{"rendered":"","protected":false},"featured_media":306015,"comment_status":"closed","ping_status":"closed","template":"","meta":[],"product_brand":[],"product_cat":[15],"product_tag":[],"class_list":{"0":"post-306014","1":"product","2":"type-product","3":"status-publish","4":"has-post-thumbnail","6":"product_cat-uncategorized","8":"first","9":"onbackorder","10":"taxable","11":"shipping-taxable","12":"purchasable","13":"product-type-simple"},"_links":{"self":[{"href":"https:\/\/amz.luba.de\/index.php\/wp-json\/wp\/v2\/product\/306014","targetHints":{"allow":["GET"]}}],"collection":[{"href":"https:\/\/amz.luba.de\/index.php\/wp-json\/wp\/v2\/product"}],"about":[{"href":"https:\/\/amz.luba.de\/index.php\/wp-json\/wp\/v2\/types\/product"}],"replies":[{"embeddable":true,"href":"https:\/\/amz.luba.de\/index.php\/wp-json\/wp\/v2\/comments?post=306014"}],"wp:featuredmedia":[{"embeddable":true,"href":"https:\/\/amz.luba.de\/index.php\/wp-json\/wp\/v2\/media\/306015"}],"wp:attachment":[{"href":"https:\/\/amz.luba.de\/index.php\/wp-json\/wp\/v2\/media?parent=306014"}],"wp:term":[{"taxonomy":"product_brand","embeddable":true,"href":"https:\/\/amz.luba.de\/index.php\/wp-json\/wp\/v2\/product_brand?post=306014"},{"taxonomy":"product_cat","embeddable":true,"href":"https:\/\/amz.luba.de\/index.php\/wp-json\/wp\/v2\/product_cat?post=306014"},{"taxonomy":"product_tag","embeddable":true,"href":"https:\/\/amz.luba.de\/index.php\/wp-json\/wp\/v2\/product_tag?post=306014"}],"curies":[{"name":"wp","href":"https:\/\/api.w.org\/{rel}","templated":true}]}}