{"id":306690,"date":"2020-05-01T19:09:50","date_gmt":"2020-05-01T19:09:50","guid":{"rendered":"https:\/\/amz.luba.de\/index.php\/product\/kitchenaid-5kfe7t-flexi-ruhrer-fur-kuchenmaschine-6-9-l-metall-grau-weis\/"},"modified":"2026-02-17T10:28:35","modified_gmt":"2026-02-17T09:28:35","slug":"kitchenaid-5kfe7t-flexi-ruhrer-fur-kuchenmaschine-6-9-l-metall-grau-weis","status":"publish","type":"product","link":"https:\/\/amz.luba.de\/index.php\/product\/kitchenaid-5kfe7t-flexi-ruhrer-fur-kuchenmaschine-6-9-l-metall-grau-weis\/","title":{"rendered":"Kitchenaid 5KFE7T Flexi-R\u00fchrer f\u00fcr K\u00fcchenmaschine, 6.9 L, Metall, Grau, Wei\u00df"},"content":{"rendered":"","protected":false},"excerpt":{"rendered":"","protected":false},"featured_media":306691,"comment_status":"closed","ping_status":"closed","template":"","meta":[],"product_brand":[],"product_cat":[15],"product_tag":[],"class_list":{"0":"post-306690","1":"product","2":"type-product","3":"status-publish","4":"has-post-thumbnail","6":"product_cat-uncategorized","8":"first","9":"onbackorder","10":"taxable","11":"shipping-taxable","12":"purchasable","13":"product-type-simple"},"_links":{"self":[{"href":"https:\/\/amz.luba.de\/index.php\/wp-json\/wp\/v2\/product\/306690","targetHints":{"allow":["GET"]}}],"collection":[{"href":"https:\/\/amz.luba.de\/index.php\/wp-json\/wp\/v2\/product"}],"about":[{"href":"https:\/\/amz.luba.de\/index.php\/wp-json\/wp\/v2\/types\/product"}],"replies":[{"embeddable":true,"href":"https:\/\/amz.luba.de\/index.php\/wp-json\/wp\/v2\/comments?post=306690"}],"wp:featuredmedia":[{"embeddable":true,"href":"https:\/\/amz.luba.de\/index.php\/wp-json\/wp\/v2\/media\/306691"}],"wp:attachment":[{"href":"https:\/\/amz.luba.de\/index.php\/wp-json\/wp\/v2\/media?parent=306690"}],"wp:term":[{"taxonomy":"product_brand","embeddable":true,"href":"https:\/\/amz.luba.de\/index.php\/wp-json\/wp\/v2\/product_brand?post=306690"},{"taxonomy":"product_cat","embeddable":true,"href":"https:\/\/amz.luba.de\/index.php\/wp-json\/wp\/v2\/product_cat?post=306690"},{"taxonomy":"product_tag","embeddable":true,"href":"https:\/\/amz.luba.de\/index.php\/wp-json\/wp\/v2\/product_tag?post=306690"}],"curies":[{"name":"wp","href":"https:\/\/api.w.org\/{rel}","templated":true}]}}