{"id":306829,"date":"2020-06-10T08:35:19","date_gmt":"2020-06-10T08:35:19","guid":{"rendered":"https:\/\/amz.luba.de\/index.php\/product\/greenpower-kempo-exklusiv-pro\/"},"modified":"2026-02-17T10:28:31","modified_gmt":"2026-02-17T09:28:31","slug":"greenpower-kempo-exklusiv-pro","status":"publish","type":"product","link":"https:\/\/amz.luba.de\/index.php\/product\/greenpower-kempo-exklusiv-pro\/","title":{"rendered":"Greenpower Kempo Exklusiv Pro"},"content":{"rendered":"<p>Die schonende Zubereitung von frischen Nahrungsmitteln ist die Basis einer gesunden Ern\u00e4hrung. Schonende Entsaftung ist wichtig f\u00fcr den Erhalt der Vitamine und Enzyme sowie den einzigartigen, aromatischen Geschmack. Durch die frische Zubereitung stellen Sie sicher, sich und Ihre Familie nur mit hochwertigen puren S\u00e4ften ohne Wasser oder Zusatzstoffe zu verw\u00f6hnen. GreenPower Kempo ist ein wahrer Allesk\u00f6nner mit reichhaltigem Zubeh\u00f6r. Als Grundger\u00e4t sofort einsetzbar, entsaftet er schonend Obst oder Gem\u00fcse, presst Bl\u00e4tter oder Gr\u00e4ser zu &#8220;gr\u00fcnen S\u00e4ften&#8221;. Ausgestattet mit verschiedenen Vors\u00e4tzen zerkleinert er Fleisch und Fisch, p\u00fcriert Obst zu Mus (zum Beispiel zur Herstellung von M\u00fcsliriegeln) oder zur Herstellung von Geb\u00e4ck oder Pasta. Ihrer Phantasie sind keine Grenzen gesetzt. Weitere Infos unter www.Greenpower-Kempo.de Mit dem GreenPower Kempo KP-E 1304 l\u00e4sst sich nicht nur 100 % purer Saft aus harten und weichen Fr\u00fcchten schonend pressen, unverd\u00fcnnt und jederzeit frisch. Es lassen sich auch viele in der K\u00fcche anfallenden Arbeiten problemlos erledigen: Entsaften von Weizengras, P\u00fcrieren von Fr\u00fcchten, Mahlen von Gew\u00fcrzen, Zerkleinern von Fleisch, Teig bereiten f\u00fcr Pasta, Herstellung von Soja-Drinks und vieles mehr. Die ber\u00fchrungsfreien Zwillings-Presswalzen arbeiten mit einer Geschwindigkeit von ca. 160 U\/Min. leise und schonend. Aufgefangen wird der Saft durch eine Kunststoffkanne mit Magnetbodeneinsatz, der Trester f\u00e4llt direkt in die mitgelieferte Schale aus Edelstahl. Paketinhalt: Pressgeh\u00e4use mit feinem Sieb, mit grobem Sieb und zum Crushen, Reinigungsb\u00fcrste, Zwillings-Presswalzen aus Edelstahl, Mehrzweck-Walzenset, Mehrzweck-Auslass, Pasta-Auslass, Edelstahlbeh\u00e4lter, Kunststoffkanne mit Magnetbodeneinsatz, 2 Pressschrauben. Bedienungsanleitung auf CD und gedruckt<\/p>\n","protected":false},"excerpt":{"rendered":"<p>Die schonende Zubereitung von frischen Nahrungsmitteln ist die Basis einer gesunden Ern\u00e4hrung. Schonende Entsaftung ist wichtig f\u00fcr den Erhalt der Vitamine und Enzyme sowie den einzigartigen, aromatischen Geschmack. Durch die frische Zubereitung stellen Sie sicher, sich und Ihre Familie nur mit hochwertigen puren S\u00e4ften ohne Wasser oder Zusatzstoffe zu verw\u00f6hnen. GreenPower Kempo ist ein wahrer [&hellip;]<\/p>\n","protected":false},"featured_media":57,"comment_status":"closed","ping_status":"closed","template":"","meta":[],"product_brand":[],"product_cat":[15],"product_tag":[],"class_list":{"0":"post-306829","1":"product","2":"type-product","3":"status-publish","4":"has-post-thumbnail","6":"product_cat-uncategorized","7":"pa_color-orange","8":"pa_color-rot","9":"pa_color-schwarz","10":"pa_color-weiss","12":"first","13":"outofstock","14":"taxable","15":"shipping-taxable","16":"purchasable","17":"product-type-variable"},"_links":{"self":[{"href":"https:\/\/amz.luba.de\/index.php\/wp-json\/wp\/v2\/product\/306829","targetHints":{"allow":["GET"]}}],"collection":[{"href":"https:\/\/amz.luba.de\/index.php\/wp-json\/wp\/v2\/product"}],"about":[{"href":"https:\/\/amz.luba.de\/index.php\/wp-json\/wp\/v2\/types\/product"}],"replies":[{"embeddable":true,"href":"https:\/\/amz.luba.de\/index.php\/wp-json\/wp\/v2\/comments?post=306829"}],"wp:featuredmedia":[{"embeddable":true,"href":"https:\/\/amz.luba.de\/index.php\/wp-json\/wp\/v2\/media\/57"}],"wp:attachment":[{"href":"https:\/\/amz.luba.de\/index.php\/wp-json\/wp\/v2\/media?parent=306829"}],"wp:term":[{"taxonomy":"product_brand","embeddable":true,"href":"https:\/\/amz.luba.de\/index.php\/wp-json\/wp\/v2\/product_brand?post=306829"},{"taxonomy":"product_cat","embeddable":true,"href":"https:\/\/amz.luba.de\/index.php\/wp-json\/wp\/v2\/product_cat?post=306829"},{"taxonomy":"product_tag","embeddable":true,"href":"https:\/\/amz.luba.de\/index.php\/wp-json\/wp\/v2\/product_tag?post=306829"}],"curies":[{"name":"wp","href":"https:\/\/api.w.org\/{rel}","templated":true}]}}