{"id":308120,"date":"2020-03-28T13:43:29","date_gmt":"2020-03-28T13:43:29","guid":{"rendered":"https:\/\/amz.luba.de\/index.php\/product\/hawos-muhle-1-elektrische-getreidemuhle-aus-buche-vollholz-mit-360w-leistung-der-firma-hawos-kornmuhlen-gmbh\/"},"modified":"2026-02-17T10:28:59","modified_gmt":"2026-02-17T09:28:59","slug":"hawos-muhle-1-elektrische-getreidemuhle-aus-buche-vollholz-mit-360w-leistung-der-firma-hawos-kornmuhlen-gmbh","status":"publish","type":"product","link":"https:\/\/amz.luba.de\/index.php\/product\/hawos-muhle-1-elektrische-getreidemuhle-aus-buche-vollholz-mit-360w-leistung-der-firma-hawos-kornmuhlen-gmbh\/","title":{"rendered":"hawos M\u00fchle 1 Elektrische Getreidem\u00fchle aus Buche Vollholz mit 360W Leistung der Firma hawos Kornm\u00fchlen GmbH"},"content":{"rendered":"","protected":false},"excerpt":{"rendered":"","protected":false},"featured_media":308121,"comment_status":"closed","ping_status":"closed","template":"","meta":[],"product_brand":[],"product_cat":[15],"product_tag":[],"class_list":{"0":"post-308120","1":"product","2":"type-product","3":"status-publish","4":"has-post-thumbnail","6":"product_cat-uncategorized","8":"first","9":"onbackorder","10":"taxable","11":"shipping-taxable","12":"purchasable","13":"product-type-simple"},"_links":{"self":[{"href":"https:\/\/amz.luba.de\/index.php\/wp-json\/wp\/v2\/product\/308120","targetHints":{"allow":["GET"]}}],"collection":[{"href":"https:\/\/amz.luba.de\/index.php\/wp-json\/wp\/v2\/product"}],"about":[{"href":"https:\/\/amz.luba.de\/index.php\/wp-json\/wp\/v2\/types\/product"}],"replies":[{"embeddable":true,"href":"https:\/\/amz.luba.de\/index.php\/wp-json\/wp\/v2\/comments?post=308120"}],"wp:featuredmedia":[{"embeddable":true,"href":"https:\/\/amz.luba.de\/index.php\/wp-json\/wp\/v2\/media\/308121"}],"wp:attachment":[{"href":"https:\/\/amz.luba.de\/index.php\/wp-json\/wp\/v2\/media?parent=308120"}],"wp:term":[{"taxonomy":"product_brand","embeddable":true,"href":"https:\/\/amz.luba.de\/index.php\/wp-json\/wp\/v2\/product_brand?post=308120"},{"taxonomy":"product_cat","embeddable":true,"href":"https:\/\/amz.luba.de\/index.php\/wp-json\/wp\/v2\/product_cat?post=308120"},{"taxonomy":"product_tag","embeddable":true,"href":"https:\/\/amz.luba.de\/index.php\/wp-json\/wp\/v2\/product_tag?post=308120"}],"curies":[{"name":"wp","href":"https:\/\/api.w.org\/{rel}","templated":true}]}}