{"id":315617,"date":"2022-12-10T23:21:00","date_gmt":"2022-12-10T22:21:00","guid":{"rendered":"https:\/\/amz.luba.de\/?post_type=product&#038;p=315617"},"modified":"2026-05-13T11:23:43","modified_gmt":"2026-05-13T09:23:43","slug":"madalga-handmuhle-classico","status":"publish","type":"product","link":"https:\/\/amz.luba.de\/index.php\/product\/madalga-handmuhle-classico\/","title":{"rendered":"Madalga Handm\u00fchle Classico"},"content":{"rendered":"<p>Der Name ist Program, denn unsere Madalga Classico Handm\u00fchle ist ein Klassiker, ein wahres Schmuckst\u00fcck dass ihre K\u00fcche aufwerten wird. Ohne jeglichen Strom kann mit ihr eine beachtliche Menge Mehl hergestellt werden. Satte 1,3 kg (Weizen) fasst der gro\u00dfz\u00fcge Einf\u00fclltrichter. \u00dcber das gro\u00dfe Schwungrad mit Handkurbel wird die M\u00fchle mit Leichtigkeit angetrieben, so einfach kann es sein das eigene Mehl herzustellen und dabei keinen Strom zu verbrauchen.<\/p>\n<p>Die Madalga Classico Handgetreidem\u00fchle ist extrem solide gefertigt, verf\u00fcgt \u00fcber ein Edelstahlmahlwerk welches nicht nur alle Getreidearten verarbeiten kann, sondern auch jegliche Arten von Saaten sowie getrockneten Mais. Der Mahlgrad l\u00e4sst sich so grossz\u00fcgig einstellen, dass auch Schrott wie Gr\u00fcnkernschrot hergestellt werden kann.<\/p>\n<p>Kaffeebohnen und Gew\u00fcrze lassen sich \u00fcber die Feinjustage perfekt verarbeiten, somit wird deine Madalga Classico zur Getreidem\u00fchle, Kaffeem\u00fchle und Gew\u00fcrzm\u00fchle.<\/p>\n<p>Ein Statement f\u00fcr Liebhaber der Authentischen K\u00fcche, f\u00fcr Selbermacher und alle die noch etwas besonderes f\u00fcr ihre Landhausk\u00fcche suchen. Sie ist ein wahres Schmuckst\u00fcck und wertet jede K\u00fcche auf. Der nostalgische und klassische Look, die Kombination aus wei\u00df und Holzt\u00f6nen, das verspr\u00fcht ein ganz besonderes Flair.<\/p>\n","protected":false},"excerpt":{"rendered":"<p>Der Name ist Program, denn unsere Madalga Classico Handm\u00fchle ist ein Klassiker, ein wahres Schmuckst\u00fcck dass ihre K\u00fcche aufwerten wird. Ohne jeglichen Strom kann mit ihr eine beachtliche Menge Mehl hergestellt werden. Satte 1,3 kg (Weizen) fasst der gro\u00dfz\u00fcge Einf\u00fclltrichter. \u00dcber das gro\u00dfe Schwungrad mit Handkurbel wird die M\u00fchle mit Leichtigkeit angetrieben, so einfach kann [&hellip;]<\/p>\n","protected":false},"featured_media":0,"comment_status":"open","ping_status":"closed","template":"","meta":[],"product_brand":[],"product_cat":[15],"product_tag":[],"class_list":{"0":"post-315617","1":"product","2":"type-product","3":"status-publish","5":"product_cat-uncategorized","6":"pa_color-schwarz","7":"pa_color-weiss","9":"first","10":"instock","11":"taxable","12":"shipping-taxable","13":"purchasable","14":"product-type-variable"},"_links":{"self":[{"href":"https:\/\/amz.luba.de\/index.php\/wp-json\/wp\/v2\/product\/315617","targetHints":{"allow":["GET"]}}],"collection":[{"href":"https:\/\/amz.luba.de\/index.php\/wp-json\/wp\/v2\/product"}],"about":[{"href":"https:\/\/amz.luba.de\/index.php\/wp-json\/wp\/v2\/types\/product"}],"replies":[{"embeddable":true,"href":"https:\/\/amz.luba.de\/index.php\/wp-json\/wp\/v2\/comments?post=315617"}],"wp:attachment":[{"href":"https:\/\/amz.luba.de\/index.php\/wp-json\/wp\/v2\/media?parent=315617"}],"wp:term":[{"taxonomy":"product_brand","embeddable":true,"href":"https:\/\/amz.luba.de\/index.php\/wp-json\/wp\/v2\/product_brand?post=315617"},{"taxonomy":"product_cat","embeddable":true,"href":"https:\/\/amz.luba.de\/index.php\/wp-json\/wp\/v2\/product_cat?post=315617"},{"taxonomy":"product_tag","embeddable":true,"href":"https:\/\/amz.luba.de\/index.php\/wp-json\/wp\/v2\/product_tag?post=315617"}],"curies":[{"name":"wp","href":"https:\/\/api.w.org\/{rel}","templated":true}]}}