{"id":323901,"date":"2023-05-26T00:05:30","date_gmt":"2023-05-25T22:05:30","guid":{"rendered":"https:\/\/amz.luba.de\/?post_type=product&#038;p=323901"},"modified":"2026-05-06T10:39:04","modified_gmt":"2026-05-06T08:39:04","slug":"nostalgia-retro-ruhr-popcornmaschine-5-5l","status":"publish","type":"product","link":"https:\/\/amz.luba.de\/index.php\/product\/nostalgia-retro-ruhr-popcornmaschine-5-5l\/","title":{"rendered":"Nostalgia Retro-R\u00fchr-Popcornmaschine 5.5L"},"content":{"rendered":"<p>Machen Sie klassisches, leckeres Popcorn wie im Kino mit dem Nostalgia Classic Retro Stirring Electric Popcorn Maker! Diese Popcornmaschine macht Spa\u00df und ist einfach zu bedienen. Geben Sie einfach \u00d6l und Kerne hinzu, warten Sie auf das Knallger\u00e4usch und wenden Sie es um, wenn das Knallen aufh\u00f6rt. Serviersch\u00fcssel, Messbecher und \u00d6ll\u00f6ffel sind im Lieferumfang enthalten. Bereiten Sie bis zu 170 Gramm hei\u00dfes, gesundes Popcorn zu, das Sie mit Ihren Freunden, Ihrer Familie oder allen anderen, die Popcorn lieben, genie\u00dfen k\u00f6nnen.<\/p>\n","protected":false},"excerpt":{"rendered":"<p>Machen Sie klassisches, leckeres Popcorn wie im Kino mit dem Nostalgia Classic Retro Stirring Electric Popcorn Maker! Diese Popcornmaschine macht Spa\u00df und ist einfach zu bedienen. Geben Sie einfach \u00d6l und Kerne hinzu, warten Sie auf das Knallger\u00e4usch und wenden Sie es um, wenn das Knallen aufh\u00f6rt. Serviersch\u00fcssel, Messbecher und \u00d6ll\u00f6ffel sind im Lieferumfang enthalten. [&hellip;]<\/p>\n","protected":false},"featured_media":0,"comment_status":"open","ping_status":"closed","template":"","meta":[],"product_brand":[],"product_cat":[15],"product_tag":[],"class_list":{"0":"post-323901","1":"product","2":"type-product","3":"status-publish","5":"product_cat-uncategorized","6":"pa_color-aqua","7":"pa_color-rot","9":"first","10":"instock","11":"taxable","12":"shipping-taxable","13":"purchasable","14":"product-type-variable"},"_links":{"self":[{"href":"https:\/\/amz.luba.de\/index.php\/wp-json\/wp\/v2\/product\/323901","targetHints":{"allow":["GET"]}}],"collection":[{"href":"https:\/\/amz.luba.de\/index.php\/wp-json\/wp\/v2\/product"}],"about":[{"href":"https:\/\/amz.luba.de\/index.php\/wp-json\/wp\/v2\/types\/product"}],"replies":[{"embeddable":true,"href":"https:\/\/amz.luba.de\/index.php\/wp-json\/wp\/v2\/comments?post=323901"}],"wp:attachment":[{"href":"https:\/\/amz.luba.de\/index.php\/wp-json\/wp\/v2\/media?parent=323901"}],"wp:term":[{"taxonomy":"product_brand","embeddable":true,"href":"https:\/\/amz.luba.de\/index.php\/wp-json\/wp\/v2\/product_brand?post=323901"},{"taxonomy":"product_cat","embeddable":true,"href":"https:\/\/amz.luba.de\/index.php\/wp-json\/wp\/v2\/product_cat?post=323901"},{"taxonomy":"product_tag","embeddable":true,"href":"https:\/\/amz.luba.de\/index.php\/wp-json\/wp\/v2\/product_tag?post=323901"}],"curies":[{"name":"wp","href":"https:\/\/api.w.org\/{rel}","templated":true}]}}