{"id":323930,"date":"2023-05-26T13:48:38","date_gmt":"2023-05-26T11:48:38","guid":{"rendered":"https:\/\/amz.luba.de\/?post_type=product&#038;p=323930"},"modified":"2026-03-03T12:23:32","modified_gmt":"2026-03-03T11:23:32","slug":"nostalgia-mymini-mini-elektrische-grillplatte-orange-mgd50r","status":"publish","type":"product","link":"https:\/\/amz.luba.de\/index.php\/product\/nostalgia-mymini-mini-elektrische-grillplatte-orange-mgd50r\/","title":{"rendered":"Nostalgia MyMini Pers\u00f6nliche elektrische Grillplatte, antihaftbeschichtete Grillplatte, perfekt f\u00fcr Keto- und Low-Carb-Di\u00e4ten, Eier, Omeletts, Pfannkuchen, Fr\u00fchst\u00fcckssandwiches, Orange, MGD50R"},"content":{"rendered":"","protected":false},"excerpt":{"rendered":"","protected":false},"featured_media":323927,"comment_status":"open","ping_status":"closed","template":"","meta":[],"product_brand":[],"product_cat":[15],"product_tag":[],"class_list":{"0":"post-323930","1":"product","2":"type-product","3":"status-publish","4":"has-post-thumbnail","6":"product_cat-uncategorized","8":"first","9":"instock","10":"taxable","11":"shipping-taxable","12":"purchasable","13":"product-type-simple"},"_links":{"self":[{"href":"https:\/\/amz.luba.de\/index.php\/wp-json\/wp\/v2\/product\/323930","targetHints":{"allow":["GET"]}}],"collection":[{"href":"https:\/\/amz.luba.de\/index.php\/wp-json\/wp\/v2\/product"}],"about":[{"href":"https:\/\/amz.luba.de\/index.php\/wp-json\/wp\/v2\/types\/product"}],"replies":[{"embeddable":true,"href":"https:\/\/amz.luba.de\/index.php\/wp-json\/wp\/v2\/comments?post=323930"}],"wp:featuredmedia":[{"embeddable":true,"href":"https:\/\/amz.luba.de\/index.php\/wp-json\/wp\/v2\/media\/323927"}],"wp:attachment":[{"href":"https:\/\/amz.luba.de\/index.php\/wp-json\/wp\/v2\/media?parent=323930"}],"wp:term":[{"taxonomy":"product_brand","embeddable":true,"href":"https:\/\/amz.luba.de\/index.php\/wp-json\/wp\/v2\/product_brand?post=323930"},{"taxonomy":"product_cat","embeddable":true,"href":"https:\/\/amz.luba.de\/index.php\/wp-json\/wp\/v2\/product_cat?post=323930"},{"taxonomy":"product_tag","embeddable":true,"href":"https:\/\/amz.luba.de\/index.php\/wp-json\/wp\/v2\/product_tag?post=323930"}],"curies":[{"name":"wp","href":"https:\/\/api.w.org\/{rel}","templated":true}]}}