{"id":328170,"date":"2023-12-21T13:38:50","date_gmt":"2023-12-21T12:38:50","guid":{"rendered":"https:\/\/amz.luba.de\/?post_type=product&#038;p=328170"},"modified":"2026-02-24T15:24:08","modified_gmt":"2026-02-24T14:24:08","slug":"ttm-resty-racelette-zubehor","status":"publish","type":"product","link":"https:\/\/amz.luba.de\/index.php\/product\/ttm-resty-racelette-zubehor\/","title":{"rendered":"TTM Resty Racelette Zubeh\u00f6r"},"content":{"rendered":"<p>Das\u00a0<b>Resty<\/b>\u00a0ist ein Zubeh\u00f6r f\u00fcr klassische Raclette-\u00d6fen von TTM, das zum vollst\u00e4ndigen Aufbrauchen des Raclettek\u00e4se dient und nat\u00fcrlich auch zum Schmelzen von K\u00e4sescheiben, falls man nicht eine ganze K\u00e4seh\u00e4lfte, sondern nur Scheiben verwenden will.<\/p>\n<p>Mit dem Resty haben sie dennoch das originale Raclette-Feeling, das hei\u00dft \u201eSchmelzen \u2013 Anheben \u2013 Abstreichen\u201c.<\/p>\n<p><b>Merkmale des TTM Resty:<\/b><\/p>\n<ul>\n<li style=\"list-style-type: none;\">\n<ul>\n<li>kompatibel mit allen TTM-K\u00e4sehaltern f\u00fcr halbe Laibe<\/li>\n<li>32 cm lang und 9.5 cm breit<\/li>\n<li>vertiefte Platte aus Edelstahl und mit Antihaftbeschichtung<\/li>\n<\/ul>\n<\/li>\n<\/ul>\n","protected":false},"excerpt":{"rendered":"<p>Das\u00a0Resty\u00a0ist ein Zubeh\u00f6r f\u00fcr klassische Raclette-\u00d6fen von TTM, das zum vollst\u00e4ndigen Aufbrauchen des Raclettek\u00e4se dient und nat\u00fcrlich auch zum Schmelzen von K\u00e4sescheiben, falls man nicht eine ganze K\u00e4seh\u00e4lfte, sondern nur Scheiben verwenden will. Mit dem Resty haben sie dennoch das originale Raclette-Feeling, das hei\u00dft \u201eSchmelzen \u2013 Anheben \u2013 Abstreichen\u201c. Merkmale des TTM Resty: kompatibel mit [&hellip;]<\/p>\n","protected":false},"featured_media":0,"comment_status":"open","ping_status":"closed","template":"","meta":[],"product_brand":[],"product_cat":[15],"product_tag":[],"class_list":{"0":"post-328170","1":"product","2":"type-product","3":"status-publish","5":"product_cat-uncategorized","7":"first","8":"instock","9":"taxable","10":"shipping-taxable","11":"purchasable","12":"product-type-simple"},"_links":{"self":[{"href":"https:\/\/amz.luba.de\/index.php\/wp-json\/wp\/v2\/product\/328170","targetHints":{"allow":["GET"]}}],"collection":[{"href":"https:\/\/amz.luba.de\/index.php\/wp-json\/wp\/v2\/product"}],"about":[{"href":"https:\/\/amz.luba.de\/index.php\/wp-json\/wp\/v2\/types\/product"}],"replies":[{"embeddable":true,"href":"https:\/\/amz.luba.de\/index.php\/wp-json\/wp\/v2\/comments?post=328170"}],"wp:attachment":[{"href":"https:\/\/amz.luba.de\/index.php\/wp-json\/wp\/v2\/media?parent=328170"}],"wp:term":[{"taxonomy":"product_brand","embeddable":true,"href":"https:\/\/amz.luba.de\/index.php\/wp-json\/wp\/v2\/product_brand?post=328170"},{"taxonomy":"product_cat","embeddable":true,"href":"https:\/\/amz.luba.de\/index.php\/wp-json\/wp\/v2\/product_cat?post=328170"},{"taxonomy":"product_tag","embeddable":true,"href":"https:\/\/amz.luba.de\/index.php\/wp-json\/wp\/v2\/product_tag?post=328170"}],"curies":[{"name":"wp","href":"https:\/\/api.w.org\/{rel}","templated":true}]}}