{"id":329067,"date":"2024-01-23T16:41:52","date_gmt":"2024-01-23T15:41:52","guid":{"rendered":"https:\/\/amz.luba.de\/?post_type=product&#038;p=329067"},"modified":"2026-02-17T10:28:14","modified_gmt":"2026-02-17T09:28:14","slug":"nostalgia-mymini-personliche-elektrische-grillplatte-antihaftbeschichtete-grillplatte-perfekt-fur-keto-und-low-carb-diaten-eier-omeletts-pfannkuchen-fruhstuckssandwiches-orange-mgd50r","status":"publish","type":"product","link":"https:\/\/amz.luba.de\/index.php\/product\/nostalgia-mymini-personliche-elektrische-grillplatte-antihaftbeschichtete-grillplatte-perfekt-fur-keto-und-low-carb-diaten-eier-omeletts-pfannkuchen-fruhstuckssandwiches-orange-mgd50r\/","title":{"rendered":"Nostalgia MyMini Pers\u00f6nliche elektrische Grillplatte, antihaftbeschichtete Grillplatte, perfekt f\u00fcr Keto- und Low-Carb-Di\u00e4ten, Eier, Omeletts, Pfannkuchen, Fr\u00fchst\u00fcckssandwiches, Orange, MGD50R"},"content":{"rendered":"","protected":false},"excerpt":{"rendered":"","protected":false},"featured_media":323927,"comment_status":"open","ping_status":"closed","template":"","meta":[],"product_brand":[],"product_cat":[15],"product_tag":[],"class_list":{"0":"post-329067","1":"product","2":"type-product","3":"status-publish","4":"has-post-thumbnail","6":"product_cat-uncategorized","8":"first","9":"instock","10":"taxable","11":"shipping-taxable","12":"purchasable","13":"product-type-simple"},"_links":{"self":[{"href":"https:\/\/amz.luba.de\/index.php\/wp-json\/wp\/v2\/product\/329067","targetHints":{"allow":["GET"]}}],"collection":[{"href":"https:\/\/amz.luba.de\/index.php\/wp-json\/wp\/v2\/product"}],"about":[{"href":"https:\/\/amz.luba.de\/index.php\/wp-json\/wp\/v2\/types\/product"}],"replies":[{"embeddable":true,"href":"https:\/\/amz.luba.de\/index.php\/wp-json\/wp\/v2\/comments?post=329067"}],"wp:featuredmedia":[{"embeddable":true,"href":"https:\/\/amz.luba.de\/index.php\/wp-json\/wp\/v2\/media\/323927"}],"wp:attachment":[{"href":"https:\/\/amz.luba.de\/index.php\/wp-json\/wp\/v2\/media?parent=329067"}],"wp:term":[{"taxonomy":"product_brand","embeddable":true,"href":"https:\/\/amz.luba.de\/index.php\/wp-json\/wp\/v2\/product_brand?post=329067"},{"taxonomy":"product_cat","embeddable":true,"href":"https:\/\/amz.luba.de\/index.php\/wp-json\/wp\/v2\/product_cat?post=329067"},{"taxonomy":"product_tag","embeddable":true,"href":"https:\/\/amz.luba.de\/index.php\/wp-json\/wp\/v2\/product_tag?post=329067"}],"curies":[{"name":"wp","href":"https:\/\/api.w.org\/{rel}","templated":true}]}}