{"id":329070,"date":"2024-01-23T21:53:00","date_gmt":"2024-01-23T20:53:00","guid":{"rendered":"https:\/\/amz.luba.de\/?post_type=product&#038;p=329070"},"modified":"2026-02-17T10:28:14","modified_gmt":"2026-02-17T09:28:14","slug":"nostalgie-mgr5crl-mymini-personlicher-elektrogrill-pink-2","status":"publish","type":"product","link":"https:\/\/amz.luba.de\/index.php\/product\/nostalgie-mgr5crl-mymini-personlicher-elektrogrill-pink-2\/","title":{"rendered":"Nostalgie MGR5CRL MyMini Pers\u00f6nlicher Elektrogrill, Pink"},"content":{"rendered":"<p>Bereiten Sie mit dem MyMini Personal Electric Grill schnell perfekt gro\u00dfe Mahlzeiten f\u00fcr unterwegs, Burger, Paninis, gegrillten K\u00e4se und mehr zu! Das Kochen ist so einfach wie 1-2-3 \u2013 Sie m\u00fcssen lediglich das Ger\u00e4t anschlie\u00dfen, ein paar Minuten warten, bis es vorgeheizt ist, und dann k\u00f6nnen Sie mit dem Kochen beginnen! Es ist klein und leicht, sodass es keine Cluster auf Ihrer K\u00fcchenarbeitsplatte bildet \u2013 es eignet sich daher perfekt f\u00fcr kleine K\u00fcchen, Wohnungen, Schlafs\u00e4le und Wohnmobile\/Wohnmobile. Dies ist das perfekte Geschenk f\u00fcr jeden Anlass!<\/p>\n","protected":false},"excerpt":{"rendered":"<p>Bereiten Sie mit dem MyMini Personal Electric Grill schnell perfekt gro\u00dfe Mahlzeiten f\u00fcr unterwegs, Burger, Paninis, gegrillten K\u00e4se und mehr zu! Das Kochen ist so einfach wie 1-2-3 \u2013 Sie m\u00fcssen lediglich das Ger\u00e4t anschlie\u00dfen, ein paar Minuten warten, bis es vorgeheizt ist, und dann k\u00f6nnen Sie mit dem Kochen beginnen! Es ist klein und [&hellip;]<\/p>\n","protected":false},"featured_media":0,"comment_status":"open","ping_status":"closed","template":"","meta":[],"product_brand":[],"product_cat":[15],"product_tag":[],"class_list":{"0":"post-329070","1":"product","2":"type-product","3":"status-publish","5":"product_cat-uncategorized","7":"first","8":"instock","9":"taxable","10":"shipping-taxable","11":"purchasable","12":"product-type-simple"},"_links":{"self":[{"href":"https:\/\/amz.luba.de\/index.php\/wp-json\/wp\/v2\/product\/329070","targetHints":{"allow":["GET"]}}],"collection":[{"href":"https:\/\/amz.luba.de\/index.php\/wp-json\/wp\/v2\/product"}],"about":[{"href":"https:\/\/amz.luba.de\/index.php\/wp-json\/wp\/v2\/types\/product"}],"replies":[{"embeddable":true,"href":"https:\/\/amz.luba.de\/index.php\/wp-json\/wp\/v2\/comments?post=329070"}],"wp:attachment":[{"href":"https:\/\/amz.luba.de\/index.php\/wp-json\/wp\/v2\/media?parent=329070"}],"wp:term":[{"taxonomy":"product_brand","embeddable":true,"href":"https:\/\/amz.luba.de\/index.php\/wp-json\/wp\/v2\/product_brand?post=329070"},{"taxonomy":"product_cat","embeddable":true,"href":"https:\/\/amz.luba.de\/index.php\/wp-json\/wp\/v2\/product_cat?post=329070"},{"taxonomy":"product_tag","embeddable":true,"href":"https:\/\/amz.luba.de\/index.php\/wp-json\/wp\/v2\/product_tag?post=329070"}],"curies":[{"name":"wp","href":"https:\/\/api.w.org\/{rel}","templated":true}]}}