{"id":329076,"date":"2024-01-23T21:59:32","date_gmt":"2024-01-23T20:59:32","guid":{"rendered":"https:\/\/amz.luba.de\/?post_type=product&#038;p=329076"},"modified":"2026-02-17T10:28:13","modified_gmt":"2026-02-17T09:28:13","slug":"nostalgia-zuckerwattemaschine-fur-harte-und-zuckerfreie-susigkeiten-aqua-copy","status":"publish","type":"product","link":"https:\/\/amz.luba.de\/index.php\/product\/nostalgia-zuckerwattemaschine-fur-harte-und-zuckerfreie-susigkeiten-aqua-copy\/","title":{"rendered":"Nostalgia Zuckerwattemaschine f\u00fcr harte und zuckerfreie S\u00fc\u00dfigkeiten Aqua\u2026"},"content":{"rendered":"","protected":false},"excerpt":{"rendered":"","protected":false},"featured_media":0,"comment_status":"open","ping_status":"closed","template":"","meta":[],"product_brand":[],"product_cat":[15],"product_tag":[],"class_list":{"0":"post-329076","1":"product","2":"type-product","3":"status-publish","5":"product_cat-uncategorized","7":"first","8":"instock","9":"taxable","10":"shipping-taxable","11":"purchasable","12":"product-type-simple"},"_links":{"self":[{"href":"https:\/\/amz.luba.de\/index.php\/wp-json\/wp\/v2\/product\/329076","targetHints":{"allow":["GET"]}}],"collection":[{"href":"https:\/\/amz.luba.de\/index.php\/wp-json\/wp\/v2\/product"}],"about":[{"href":"https:\/\/amz.luba.de\/index.php\/wp-json\/wp\/v2\/types\/product"}],"replies":[{"embeddable":true,"href":"https:\/\/amz.luba.de\/index.php\/wp-json\/wp\/v2\/comments?post=329076"}],"wp:attachment":[{"href":"https:\/\/amz.luba.de\/index.php\/wp-json\/wp\/v2\/media?parent=329076"}],"wp:term":[{"taxonomy":"product_brand","embeddable":true,"href":"https:\/\/amz.luba.de\/index.php\/wp-json\/wp\/v2\/product_brand?post=329076"},{"taxonomy":"product_cat","embeddable":true,"href":"https:\/\/amz.luba.de\/index.php\/wp-json\/wp\/v2\/product_cat?post=329076"},{"taxonomy":"product_tag","embeddable":true,"href":"https:\/\/amz.luba.de\/index.php\/wp-json\/wp\/v2\/product_tag?post=329076"}],"curies":[{"name":"wp","href":"https:\/\/api.w.org\/{rel}","templated":true}]}}