{"id":336302,"date":"2023-05-22T15:34:47","date_gmt":"2023-05-22T15:34:47","guid":{"rendered":"https:\/\/amz.luba.de\/index.php\/product\/jupiter-kuchenmaschine-manueller-retro-allesschneider-brotschneidemaschine-mit-kurbel-und-holzplatte-creme-305002\/"},"modified":"2026-02-17T10:28:21","modified_gmt":"2026-02-17T09:28:21","slug":"jupiter-kuchenmaschine-manueller-retro-allesschneider-brotschneidemaschine-mit-kurbel-und-holzplatte-creme-305002","status":"publish","type":"product","link":"https:\/\/amz.luba.de\/index.php\/product\/jupiter-kuchenmaschine-manueller-retro-allesschneider-brotschneidemaschine-mit-kurbel-und-holzplatte-creme-305002\/","title":{"rendered":"Jupiter K\u00fcchenmaschine manueller retro Allesschneider, Brotschneidemaschine mit Kurbel und Holzplatte creme 305002"},"content":{"rendered":"<ul class=\"amazon_features\">\n<li>Jupiter K\u00fcchenmaschine manueller Allesschneider mit Holzpaltte im angesagtem Retrodesign in 3 verschiedenen Farben<\/li>\n<li>Hervorragend geeignet zum Schneiden von Brot, ger\u00e4uchertem Schinken, Hartk\u00e4se, Wurst, sowie Obst und Gem\u00fcse<\/li>\n<li>Stufenlose Einstellung der Schneidst\u00e4rke. Rostfreies Wellenschliffmesser \u00d8 170 mm, gro\u00dfe und stabile Tischzwinge mit 4 Schraubf\u00fc\u00dfen<\/li>\n<li>hochwertige Vollholzplatte- wasser-, kratz- und schlagfest. Aus lackiertem Aluminium<\/li>\n<li>Ma\u00dfe B X H x T in cm: 29,5 x 20 x 19,5, Gewicht: ca. 2 kg<\/li>\n<\/ul>\n","protected":false},"excerpt":{"rendered":"<p>Jupiter K\u00fcchenmaschine manueller Allesschneider mit Holzpaltte im angesagtem Retrodesign in 3 verschiedenen Farben Hervorragend geeignet zum Schneiden von Brot, ger\u00e4uchertem Schinken, Hartk\u00e4se, Wurst, sowie Obst und Gem\u00fcse Stufenlose Einstellung der Schneidst\u00e4rke. Rostfreies Wellenschliffmesser \u00d8 170 mm, gro\u00dfe und stabile Tischzwinge mit 4 Schraubf\u00fc\u00dfen hochwertige Vollholzplatte- wasser-, kratz- und schlagfest. Aus lackiertem Aluminium Ma\u00dfe B X [&hellip;]<\/p>\n","protected":false},"featured_media":336303,"comment_status":"closed","ping_status":"closed","template":"","meta":[],"product_brand":[],"product_cat":[15],"product_tag":[],"class_list":{"0":"post-336302","1":"product","2":"type-product","3":"status-publish","4":"has-post-thumbnail","6":"product_cat-uncategorized","8":"first","9":"onbackorder","10":"taxable","11":"shipping-taxable","12":"purchasable","13":"product-type-simple"},"_links":{"self":[{"href":"https:\/\/amz.luba.de\/index.php\/wp-json\/wp\/v2\/product\/336302","targetHints":{"allow":["GET"]}}],"collection":[{"href":"https:\/\/amz.luba.de\/index.php\/wp-json\/wp\/v2\/product"}],"about":[{"href":"https:\/\/amz.luba.de\/index.php\/wp-json\/wp\/v2\/types\/product"}],"replies":[{"embeddable":true,"href":"https:\/\/amz.luba.de\/index.php\/wp-json\/wp\/v2\/comments?post=336302"}],"wp:featuredmedia":[{"embeddable":true,"href":"https:\/\/amz.luba.de\/index.php\/wp-json\/wp\/v2\/media\/336303"}],"wp:attachment":[{"href":"https:\/\/amz.luba.de\/index.php\/wp-json\/wp\/v2\/media?parent=336302"}],"wp:term":[{"taxonomy":"product_brand","embeddable":true,"href":"https:\/\/amz.luba.de\/index.php\/wp-json\/wp\/v2\/product_brand?post=336302"},{"taxonomy":"product_cat","embeddable":true,"href":"https:\/\/amz.luba.de\/index.php\/wp-json\/wp\/v2\/product_cat?post=336302"},{"taxonomy":"product_tag","embeddable":true,"href":"https:\/\/amz.luba.de\/index.php\/wp-json\/wp\/v2\/product_tag?post=336302"}],"curies":[{"name":"wp","href":"https:\/\/api.w.org\/{rel}","templated":true}]}}