{"id":336307,"date":"2025-05-20T08:57:43","date_gmt":"2025-05-20T08:57:43","guid":{"rendered":"https:\/\/amz.luba.de\/index.php\/product\/brod-taylor-brotstahl\/"},"modified":"2026-05-12T09:53:36","modified_gmt":"2026-05-12T07:53:36","slug":"brod-taylor-brotstahl","status":"publish","type":"product","link":"https:\/\/amz.luba.de\/index.php\/product\/brod-taylor-brotstahl\/","title":{"rendered":"Brod &amp; Taylor Brotstahl"},"content":{"rendered":"<p>Der Brod &#038; Taylor Brotstahl ist eine Premium-Backfl\u00e4che aus Karbonstahl, die entwickelt wurde, um professionelle Ergebnisse in einem Standard-Ofen zu liefern. Perfekt zum Backen von handwerklichem Sauerteig, krustigen Baguettes, Ciabatta, Focaccia, Pizza und mehr. Dieser vielseitige Backstahl hilft Ihnen, jedes Mal knackige, blasenf\u00f6rmige Krusten und eine hervorragende Ofenfeder zu erzielen. Sowohl Classic als auch Max haben ein 35,6 x 35,6 cm quadratisches Design. Es gibt zwei Dickenoptionen. Das Original ist 0,3 cm dick und 2,5 kg. Der Max ist 0,4 cm dick und 3,9 kg. Er passt auf handels\u00fcbliche Heim\u00f6fen und gleicht eine hohe W\u00e4rmespeicherung mit schnellen Vorheizzeiten aus. Im Gegensatz zu traditionellen Pizzasteinen oder schweren Stahlplatten wurde der Brotstahl entwickelt, um verbrannte B\u00f6den zu verhindern, indem er die W\u00e4rme gleichm\u00e4\u00dfig verteilt und gleichzeitig die richtige Dicke f\u00fcr schnelles, effizientes Backen beibeh\u00e4lt. Es heizt schnell vor, speichert die W\u00e4rme f\u00fcr Back-to-Back-Backen und ahmt die Strahlungsw\u00e4rme eines handels\u00fcblichen Brotbackofens nach. Egal, ob Sie Brot backen, Pizza im neapolitanischen Stil zubereiten, Gem\u00fcse braten oder unter einem Grill anbraten, dieser Backstahl liefert hervorragende Ergebnisse mit weniger Aufwand. Es kann auch gefroren und als kalte Oberfl\u00e4che f\u00fcr Geb\u00e4ck oder Eiscreme verwendet werden. Hergestellt aus massivem Kohlenstoffstahl und mit Leinsamen\u00f6l vorbehandelt, ist es praktisch unzerbrechlich und verwindungsfest. Kommt mit einer nat\u00fcrlich antihaftbeschichteten Oberfl\u00e4che, die sich im Laufe der Zeit verbessert. Der Brotstahl ist ofenfest, grillfest und grilltauglich und bietet un\u00fcbertroffene Haltbarkeit und Vielseitigkeit. Ideal f\u00fcr Anf\u00e4nger und erfahrene Profis. Er ersetzt schwere Gusseisen-Dutch Oven, Keramik-Backsteine und fadenscheinigen Blechpfannen mit einem Hochleistungswerkzeug. Egal, ob Sie nach dem besten Backstahl f\u00fcr Pizza suchen oder die zuverl\u00e4ssigste Art sind, handwerkliches Brot zu Hause zu backen, der Brod &#038; Taylor Bread Steel ist das ultimative Upgrade f\u00fcr Ihre K\u00fcche.<\/p>\n","protected":false},"excerpt":{"rendered":"<p>Der Brod &#038; Taylor Brotstahl ist eine Premium-Backfl\u00e4che aus Karbonstahl, die entwickelt wurde, um professionelle Ergebnisse in einem Standard-Ofen zu liefern. Perfekt zum Backen von handwerklichem Sauerteig, krustigen Baguettes, Ciabatta, Focaccia, Pizza und mehr. Dieser vielseitige Backstahl hilft Ihnen, jedes Mal knackige, blasenf\u00f6rmige Krusten und eine hervorragende Ofenfeder zu erzielen. Sowohl Classic als auch Max [&hellip;]<\/p>\n","protected":false},"featured_media":336308,"comment_status":"closed","ping_status":"closed","template":"","meta":[],"product_brand":[],"product_cat":[15],"product_tag":[],"class_list":{"0":"post-336307","1":"product","2":"type-product","3":"status-publish","4":"has-post-thumbnail","6":"product_cat-uncategorized","8":"first","9":"instock","10":"taxable","11":"shipping-taxable","12":"purchasable","13":"product-type-simple"},"_links":{"self":[{"href":"https:\/\/amz.luba.de\/index.php\/wp-json\/wp\/v2\/product\/336307","targetHints":{"allow":["GET"]}}],"collection":[{"href":"https:\/\/amz.luba.de\/index.php\/wp-json\/wp\/v2\/product"}],"about":[{"href":"https:\/\/amz.luba.de\/index.php\/wp-json\/wp\/v2\/types\/product"}],"replies":[{"embeddable":true,"href":"https:\/\/amz.luba.de\/index.php\/wp-json\/wp\/v2\/comments?post=336307"}],"wp:featuredmedia":[{"embeddable":true,"href":"https:\/\/amz.luba.de\/index.php\/wp-json\/wp\/v2\/media\/336308"}],"wp:attachment":[{"href":"https:\/\/amz.luba.de\/index.php\/wp-json\/wp\/v2\/media?parent=336307"}],"wp:term":[{"taxonomy":"product_brand","embeddable":true,"href":"https:\/\/amz.luba.de\/index.php\/wp-json\/wp\/v2\/product_brand?post=336307"},{"taxonomy":"product_cat","embeddable":true,"href":"https:\/\/amz.luba.de\/index.php\/wp-json\/wp\/v2\/product_cat?post=336307"},{"taxonomy":"product_tag","embeddable":true,"href":"https:\/\/amz.luba.de\/index.php\/wp-json\/wp\/v2\/product_tag?post=336307"}],"curies":[{"name":"wp","href":"https:\/\/api.w.org\/{rel}","templated":true}]}}