{"id":336322,"date":"2026-02-04T10:07:32","date_gmt":"2026-02-04T09:07:32","guid":{"rendered":"https:\/\/amz.luba.de\/index.php\/product\/beezer-der-wahrscheinlich-schnellste-luftbasierte-getrankekuhler-der-welt-designed-in-germany\/"},"modified":"2026-05-11T14:40:10","modified_gmt":"2026-05-11T12:40:10","slug":"beezer-der-wahrscheinlich-schnellste-luftbasierte-getrankekuhler-der-welt-designed-in-germany","status":"publish","type":"product","link":"https:\/\/amz.luba.de\/index.php\/product\/beezer-der-wahrscheinlich-schnellste-luftbasierte-getrankekuhler-der-welt-designed-in-germany\/","title":{"rendered":"BEEZER\u00ae \u2013 der wahrscheinlich schnellste, luftbasierte Getr\u00e4nkek\u00fchler der Welt, designed in Germany"},"content":{"rendered":"<p>BEEZER &#8211; Der wahrscheinlich schnellste Getr\u00e4nkek\u00fchler der Welt Unbegrenzte Spontanit\u00e4t: der BEEZER k\u00fchlt Deine Getr\u00e4nke, wann immer Du sie brauchst! 10x schneller als Deine Gefriertruhe: Schluss mit langen Wartezeiten! Mit dem BEEZER genie\u00dft Du perfekt gek\u00fchlte Getr\u00e4nke innerhalb weniger Minuten. Grenzenlose Spontanit\u00e4t und keine Angst mehr vor \u00dcberraschungsg\u00e4sten! Der BEEZER k\u00fchlt Deine Getr\u00e4nke, wann immer Bedarf entsteht. Egal, ob unerwarteter Besuch vor Deiner T\u00fcr steht, Du spontan eine Party schmei\u00dfen m\u00f6chtest oder Du einfach nur Lust auf ein k\u00fchles Getr\u00e4nk hast. Ohne l\u00e4stiges Vorbereiten, furchtbar lange Wartezeiten oder die Gefahr, dass die Flasche im Gefrierschrank platzt kannst Du mit dem BEEZER Deine Getr\u00e4nke im Handumdrehen auf die perfekte Trinktemperatur bringen. Er erm\u00f6glicht Dir, den Moment in vollen Z\u00fcgen zu genie\u00dfen, ohne Kompromisse einzugehen. Lass Dich von seiner besonders schnellen K\u00fchlleistung beeindrucken und sei immer bereit f\u00fcr spontane Genussmomente.<\/p>\n","protected":false},"excerpt":{"rendered":"<p>BEEZER &#8211; Der wahrscheinlich schnellste Getr\u00e4nkek\u00fchler der Welt Unbegrenzte Spontanit\u00e4t: der BEEZER k\u00fchlt Deine Getr\u00e4nke, wann immer Du sie brauchst! 10x schneller als Deine Gefriertruhe: Schluss mit langen Wartezeiten! Mit dem BEEZER genie\u00dft Du perfekt gek\u00fchlte Getr\u00e4nke innerhalb weniger Minuten. Grenzenlose Spontanit\u00e4t und keine Angst mehr vor \u00dcberraschungsg\u00e4sten! Der BEEZER k\u00fchlt Deine Getr\u00e4nke, wann immer [&hellip;]<\/p>\n","protected":false},"featured_media":336323,"comment_status":"closed","ping_status":"closed","template":"","meta":[],"product_brand":[],"product_cat":[15],"product_tag":[],"class_list":{"0":"post-336322","1":"product","2":"type-product","3":"status-publish","4":"has-post-thumbnail","6":"product_cat-uncategorized","7":"pa_color-schwarz","9":"first","10":"instock","11":"taxable","12":"shipping-taxable","13":"purchasable","14":"product-type-variable"},"_links":{"self":[{"href":"https:\/\/amz.luba.de\/index.php\/wp-json\/wp\/v2\/product\/336322","targetHints":{"allow":["GET"]}}],"collection":[{"href":"https:\/\/amz.luba.de\/index.php\/wp-json\/wp\/v2\/product"}],"about":[{"href":"https:\/\/amz.luba.de\/index.php\/wp-json\/wp\/v2\/types\/product"}],"replies":[{"embeddable":true,"href":"https:\/\/amz.luba.de\/index.php\/wp-json\/wp\/v2\/comments?post=336322"}],"wp:featuredmedia":[{"embeddable":true,"href":"https:\/\/amz.luba.de\/index.php\/wp-json\/wp\/v2\/media\/336323"}],"wp:attachment":[{"href":"https:\/\/amz.luba.de\/index.php\/wp-json\/wp\/v2\/media?parent=336322"}],"wp:term":[{"taxonomy":"product_brand","embeddable":true,"href":"https:\/\/amz.luba.de\/index.php\/wp-json\/wp\/v2\/product_brand?post=336322"},{"taxonomy":"product_cat","embeddable":true,"href":"https:\/\/amz.luba.de\/index.php\/wp-json\/wp\/v2\/product_cat?post=336322"},{"taxonomy":"product_tag","embeddable":true,"href":"https:\/\/amz.luba.de\/index.php\/wp-json\/wp\/v2\/product_tag?post=336322"}],"curies":[{"name":"wp","href":"https:\/\/api.w.org\/{rel}","templated":true}]}}