{"id":336367,"date":"2020-03-28T13:31:25","date_gmt":"2020-03-28T13:31:25","guid":{"rendered":"https:\/\/amz.luba.de\/index.php\/product\/eschenfelder-sprossenglaser-system-ii-750ml-anthrazit-edelstahl-herstellung-in-deutschland-keimsaaten\/"},"modified":"2026-02-17T10:29:04","modified_gmt":"2026-02-17T09:29:04","slug":"eschenfelder-sprossenglaser-system-ii-750ml-anthrazit-edelstahl-herstellung-in-deutschland-keimsaaten","status":"publish","type":"product","link":"https:\/\/amz.luba.de\/index.php\/product\/eschenfelder-sprossenglaser-system-ii-750ml-anthrazit-edelstahl-herstellung-in-deutschland-keimsaaten\/","title":{"rendered":"Eschenfelder Sprossengl\u00e4ser System II 750ml anthrazit | Edelstahl | Herstellung in Deutschland | Keimsaaten"},"content":{"rendered":"<p>2 Sprossengl\u00e4ser 750 ml mit feinmaschigem Sieb aus nickelfreiem Edelstahl, Schraubverschluss aus einer lebensmittelechten Aluminiumlegierung, Abtropfgestell aus Edelstahl und Abtropfschale in Keramik Wei\u00df von sehr hochwertiger Qualit\u00e4t &#8211; hochgebrannt und lebensmittelecht glasiert, inkl. einem T\u00fctchen Bio-Keimsaat aus kontrolliert biologischem Anbau.<\/p>\n","protected":false},"excerpt":{"rendered":"<p>2 Sprossengl\u00e4ser 750 ml mit feinmaschigem Sieb aus nickelfreiem Edelstahl, Schraubverschluss aus einer lebensmittelechten Aluminiumlegierung, Abtropfgestell aus Edelstahl und Abtropfschale in Keramik Wei\u00df von sehr hochwertiger Qualit\u00e4t &#8211; hochgebrannt und lebensmittelecht glasiert, inkl. einem T\u00fctchen Bio-Keimsaat aus kontrolliert biologischem Anbau.<\/p>\n","protected":false},"featured_media":336368,"comment_status":"closed","ping_status":"closed","template":"","meta":[],"product_brand":[],"product_cat":[15],"product_tag":[],"class_list":{"0":"post-336367","1":"product","2":"type-product","3":"status-publish","4":"has-post-thumbnail","6":"product_cat-uncategorized","8":"first","9":"onbackorder","10":"taxable","11":"shipping-taxable","12":"purchasable","13":"product-type-simple"},"_links":{"self":[{"href":"https:\/\/amz.luba.de\/index.php\/wp-json\/wp\/v2\/product\/336367","targetHints":{"allow":["GET"]}}],"collection":[{"href":"https:\/\/amz.luba.de\/index.php\/wp-json\/wp\/v2\/product"}],"about":[{"href":"https:\/\/amz.luba.de\/index.php\/wp-json\/wp\/v2\/types\/product"}],"replies":[{"embeddable":true,"href":"https:\/\/amz.luba.de\/index.php\/wp-json\/wp\/v2\/comments?post=336367"}],"wp:featuredmedia":[{"embeddable":true,"href":"https:\/\/amz.luba.de\/index.php\/wp-json\/wp\/v2\/media\/336368"}],"wp:attachment":[{"href":"https:\/\/amz.luba.de\/index.php\/wp-json\/wp\/v2\/media?parent=336367"}],"wp:term":[{"taxonomy":"product_brand","embeddable":true,"href":"https:\/\/amz.luba.de\/index.php\/wp-json\/wp\/v2\/product_brand?post=336367"},{"taxonomy":"product_cat","embeddable":true,"href":"https:\/\/amz.luba.de\/index.php\/wp-json\/wp\/v2\/product_cat?post=336367"},{"taxonomy":"product_tag","embeddable":true,"href":"https:\/\/amz.luba.de\/index.php\/wp-json\/wp\/v2\/product_tag?post=336367"}],"curies":[{"name":"wp","href":"https:\/\/api.w.org\/{rel}","templated":true}]}}