{"id":336380,"date":"2020-04-04T15:46:08","date_gmt":"2020-04-04T15:46:08","guid":{"rendered":"https:\/\/amz.luba.de\/index.php\/product\/hawos-novum-farbe-grun-elektrische-getreidemuhle-mit-360w-leistung-in-formschonem-makrolon-kunsstoffgehause-der-firma-hawos-kornmuhlen-gmbh\/"},"modified":"2026-02-17T10:28:41","modified_gmt":"2026-02-17T09:28:41","slug":"hawos-novum-farbe-grun-elektrische-getreidemuhle-mit-360w-leistung-in-formschonem-makrolon-kunsstoffgehause-der-firma-hawos-kornmuhlen-gmbh","status":"publish","type":"product","link":"https:\/\/amz.luba.de\/index.php\/product\/hawos-novum-farbe-grun-elektrische-getreidemuhle-mit-360w-leistung-in-formschonem-makrolon-kunsstoffgehause-der-firma-hawos-kornmuhlen-gmbh\/","title":{"rendered":"hawos Novum (Farbe: Gr\u00fcn) &#8211; Elektrische Getreidem\u00fchle mit 360W Leistung in Formsch\u00f6nem Makrolon Kunsstoffgeh\u00e4use der Firma hawos Kornm\u00fchlen GmbH"},"content":{"rendered":"<ul class=\"amazon_features\">\n<li>Kunststoff (macrolone) Geh\u00e4use und Sch\u00fcssel<\/li>\n<li>Ausgang (Weizen) pro Minute, fein: 125 g<\/li>\n<li>Ausgang (Weizen) pro Minute, grob: 250\u2013300 g<\/li>\n<li>Erh\u00e4ltlich als glutenfrei<\/li>\n<\/ul>\n","protected":false},"excerpt":{"rendered":"<p>Kunststoff (macrolone) Geh\u00e4use und Sch\u00fcssel Ausgang (Weizen) pro Minute, fein: 125 g Ausgang (Weizen) pro Minute, grob: 250\u2013300 g Erh\u00e4ltlich als glutenfrei<\/p>\n","protected":false},"featured_media":336381,"comment_status":"closed","ping_status":"closed","template":"","meta":[],"product_brand":[],"product_cat":[15],"product_tag":[],"class_list":{"0":"post-336380","1":"product","2":"type-product","3":"status-publish","4":"has-post-thumbnail","6":"product_cat-uncategorized","8":"first","9":"instock","10":"taxable","11":"shipping-taxable","12":"purchasable","13":"product-type-simple"},"_links":{"self":[{"href":"https:\/\/amz.luba.de\/index.php\/wp-json\/wp\/v2\/product\/336380","targetHints":{"allow":["GET"]}}],"collection":[{"href":"https:\/\/amz.luba.de\/index.php\/wp-json\/wp\/v2\/product"}],"about":[{"href":"https:\/\/amz.luba.de\/index.php\/wp-json\/wp\/v2\/types\/product"}],"replies":[{"embeddable":true,"href":"https:\/\/amz.luba.de\/index.php\/wp-json\/wp\/v2\/comments?post=336380"}],"wp:featuredmedia":[{"embeddable":true,"href":"https:\/\/amz.luba.de\/index.php\/wp-json\/wp\/v2\/media\/336381"}],"wp:attachment":[{"href":"https:\/\/amz.luba.de\/index.php\/wp-json\/wp\/v2\/media?parent=336380"}],"wp:term":[{"taxonomy":"product_brand","embeddable":true,"href":"https:\/\/amz.luba.de\/index.php\/wp-json\/wp\/v2\/product_brand?post=336380"},{"taxonomy":"product_cat","embeddable":true,"href":"https:\/\/amz.luba.de\/index.php\/wp-json\/wp\/v2\/product_cat?post=336380"},{"taxonomy":"product_tag","embeddable":true,"href":"https:\/\/amz.luba.de\/index.php\/wp-json\/wp\/v2\/product_tag?post=336380"}],"curies":[{"name":"wp","href":"https:\/\/api.w.org\/{rel}","templated":true}]}}