{"id":336384,"date":"2020-04-04T12:39:40","date_gmt":"2020-04-04T12:39:40","guid":{"rendered":"https:\/\/amz.luba.de\/index.php\/product\/hawos-novum-farbe-weis-elektrische-getreidemuhle-mit-360w-leistung-in-formschonem-makrolon-kunsstoffgehause-der-firma-hawos-kornmuhlen-gmbh\/"},"modified":"2026-05-10T21:53:12","modified_gmt":"2026-05-10T19:53:12","slug":"hawos-novum-farbe-weis-elektrische-getreidemuhle-mit-360w-leistung-in-formschonem-makrolon-kunsstoffgehause-der-firma-hawos-kornmuhlen-gmbh","status":"publish","type":"product","link":"https:\/\/amz.luba.de\/index.php\/product\/hawos-novum-farbe-weis-elektrische-getreidemuhle-mit-360w-leistung-in-formschonem-makrolon-kunsstoffgehause-der-firma-hawos-kornmuhlen-gmbh\/","title":{"rendered":"hawos Novum (Farbe: Wei\u00df) &#8211; Elektrische Getreidem\u00fchle mit 360W Leistung in Formsch\u00f6nem Makrolon Kunsstoffgeh\u00e4use der Firma hawos Kornm\u00fchlen GmbH"},"content":{"rendered":"","protected":false},"excerpt":{"rendered":"","protected":false},"featured_media":336385,"comment_status":"closed","ping_status":"closed","template":"","meta":[],"product_brand":[],"product_cat":[15],"product_tag":[],"class_list":{"0":"post-336384","1":"product","2":"type-product","3":"status-publish","4":"has-post-thumbnail","6":"product_cat-uncategorized","8":"first","9":"onbackorder","10":"taxable","11":"shipping-taxable","12":"purchasable","13":"product-type-simple"},"_links":{"self":[{"href":"https:\/\/amz.luba.de\/index.php\/wp-json\/wp\/v2\/product\/336384","targetHints":{"allow":["GET"]}}],"collection":[{"href":"https:\/\/amz.luba.de\/index.php\/wp-json\/wp\/v2\/product"}],"about":[{"href":"https:\/\/amz.luba.de\/index.php\/wp-json\/wp\/v2\/types\/product"}],"replies":[{"embeddable":true,"href":"https:\/\/amz.luba.de\/index.php\/wp-json\/wp\/v2\/comments?post=336384"}],"wp:featuredmedia":[{"embeddable":true,"href":"https:\/\/amz.luba.de\/index.php\/wp-json\/wp\/v2\/media\/336385"}],"wp:attachment":[{"href":"https:\/\/amz.luba.de\/index.php\/wp-json\/wp\/v2\/media?parent=336384"}],"wp:term":[{"taxonomy":"product_brand","embeddable":true,"href":"https:\/\/amz.luba.de\/index.php\/wp-json\/wp\/v2\/product_brand?post=336384"},{"taxonomy":"product_cat","embeddable":true,"href":"https:\/\/amz.luba.de\/index.php\/wp-json\/wp\/v2\/product_cat?post=336384"},{"taxonomy":"product_tag","embeddable":true,"href":"https:\/\/amz.luba.de\/index.php\/wp-json\/wp\/v2\/product_tag?post=336384"}],"curies":[{"name":"wp","href":"https:\/\/api.w.org\/{rel}","templated":true}]}}